{"id":628,"date":"2023-05-12T17:54:00","date_gmt":"2023-05-12T17:54:00","guid":{"rendered":"https:\/\/dunaihajoseskuvo.hu\/startseite\/"},"modified":"2023-05-12T17:54:00","modified_gmt":"2023-05-12T17:54:00","slug":"startseite","status":"publish","type":"page","link":"https:\/\/dunaihajoseskuvo.hu\/de\/","title":{"rendered":"Startseite"},"content":{"rendered":"","protected":false},"excerpt":{"rendered":"","protected":false},"author":1,"featured_media":0,"parent":0,"menu_order":0,"comment_status":"closed","ping_status":"closed","template":"","meta":[],"yoast_head":"<!-- This site is optimized with the Yoast SEO plugin v20.8 - https:\/\/yoast.com\/wordpress\/plugins\/seo\/ -->\n<title>Dunai haj\u00f3s esk\u00fcv\u0151<\/title>\n<meta name=\"robots\" content=\"index, follow, max-snippet:-1, max-image-preview:large, max-video-preview:-1\" \/>\n<link rel=\"canonical\" href=\"https:\/\/dunaihajoseskuvo.hu\/de\/startseite\/\" \/>\n<meta property=\"og:locale\" content=\"de_DE\" \/>\n<meta property=\"og:type\" content=\"article\" \/>\n<meta property=\"og:title\" content=\"Dunai haj\u00f3s esk\u00fcv\u0151\" \/>\n<meta property=\"og:url\" content=\"https:\/\/dunaihajoseskuvo.hu\/de\/startseite\/\" \/>\n<meta property=\"og:site_name\" content=\"Dunai haj\u00f3s esk\u00fcv\u0151\" \/>\n<meta name=\"twitter:card\" content=\"summary_large_image\" \/>\n<script type=\"application\/ld+json\" class=\"yoast-schema-graph\">{\"@context\":\"https:\/\/schema.org\",\"@graph\":[{\"@type\":\"WebPage\",\"@id\":\"https:\/\/dunaihajoseskuvo.hu\/de\/startseite\/\",\"url\":\"https:\/\/dunaihajoseskuvo.hu\/de\/startseite\/\",\"name\":\"Dunai haj\u00f3s esk\u00fcv\u0151\",\"isPartOf\":{\"@id\":\"https:\/\/hajoseskuvo.calvus.xyz\/#website\"},\"datePublished\":\"2023-05-12T17:54:00+00:00\",\"dateModified\":\"2023-05-12T17:54:00+00:00\",\"breadcrumb\":{\"@id\":\"https:\/\/dunaihajoseskuvo.hu\/de\/startseite\/#breadcrumb\"},\"inLanguage\":\"de-DE\",\"potentialAction\":[{\"@type\":\"ReadAction\",\"target\":[\"https:\/\/dunaihajoseskuvo.hu\/de\/startseite\/\"]}]},{\"@type\":\"BreadcrumbList\",\"@id\":\"https:\/\/dunaihajoseskuvo.hu\/de\/startseite\/#breadcrumb\",\"itemListElement\":[{\"@type\":\"ListItem\",\"position\":1,\"name\":\"Home\",\"item\":\"https:\/\/dunaihajoseskuvo.hu\/de\/startseite\/\"},{\"@type\":\"ListItem\",\"position\":2,\"name\":\"Startseite\"}]},{\"@type\":\"WebSite\",\"@id\":\"https:\/\/hajoseskuvo.calvus.xyz\/#website\",\"url\":\"https:\/\/hajoseskuvo.calvus.xyz\/\",\"name\":\"Balatoni haj\u00f3s esk\u00fcv\u0151\",\"description\":\"Ahol igaziv\u00e1 v\u00e1lik az \u00e1lomesk\u00fcv\u0151\",\"publisher\":{\"@id\":\"https:\/\/hajoseskuvo.calvus.xyz\/#organization\"},\"potentialAction\":[{\"@type\":\"SearchAction\",\"target\":{\"@type\":\"EntryPoint\",\"urlTemplate\":\"https:\/\/hajoseskuvo.calvus.xyz\/?s={search_term_string}\"},\"query-input\":\"required name=search_term_string\"}],\"inLanguage\":\"de-DE\"},{\"@type\":\"Organization\",\"@id\":\"https:\/\/hajoseskuvo.calvus.xyz\/#organization\",\"name\":\"Balatoni haj\u00f3s esk\u00fcv\u0151\",\"url\":\"https:\/\/hajoseskuvo.calvus.xyz\/\",\"logo\":{\"@type\":\"ImageObject\",\"inLanguage\":\"de-DE\",\"@id\":\"https:\/\/hajoseskuvo.calvus.xyz\/#\/schema\/logo\/image\/\",\"url\":\"https:\/\/dunaihajoseskuvo.hu\/uploads\/2023\/06\/logo.svg\",\"contentUrl\":\"https:\/\/dunaihajoseskuvo.hu\/uploads\/2023\/06\/logo.svg\",\"width\":165,\"height\":63,\"caption\":\"Balatoni haj\u00f3s esk\u00fcv\u0151\"},\"image\":{\"@id\":\"https:\/\/hajoseskuvo.calvus.xyz\/#\/schema\/logo\/image\/\"}}]}<\/script>\n<!-- \/ Yoast SEO plugin. -->","yoast_head_json":{"title":"Dunai haj\u00f3s esk\u00fcv\u0151","robots":{"index":"index","follow":"follow","max-snippet":"max-snippet:-1","max-image-preview":"max-image-preview:large","max-video-preview":"max-video-preview:-1"},"canonical":"https:\/\/dunaihajoseskuvo.hu\/de\/startseite\/","og_locale":"de_DE","og_type":"article","og_title":"Dunai haj\u00f3s esk\u00fcv\u0151","og_url":"https:\/\/dunaihajoseskuvo.hu\/de\/startseite\/","og_site_name":"Dunai haj\u00f3s esk\u00fcv\u0151","twitter_card":"summary_large_image","schema":{"@context":"https:\/\/schema.org","@graph":[{"@type":"WebPage","@id":"https:\/\/dunaihajoseskuvo.hu\/de\/startseite\/","url":"https:\/\/dunaihajoseskuvo.hu\/de\/startseite\/","name":"Dunai haj\u00f3s esk\u00fcv\u0151","isPartOf":{"@id":"https:\/\/hajoseskuvo.calvus.xyz\/#website"},"datePublished":"2023-05-12T17:54:00+00:00","dateModified":"2023-05-12T17:54:00+00:00","breadcrumb":{"@id":"https:\/\/dunaihajoseskuvo.hu\/de\/startseite\/#breadcrumb"},"inLanguage":"de-DE","potentialAction":[{"@type":"ReadAction","target":["https:\/\/dunaihajoseskuvo.hu\/de\/startseite\/"]}]},{"@type":"BreadcrumbList","@id":"https:\/\/dunaihajoseskuvo.hu\/de\/startseite\/#breadcrumb","itemListElement":[{"@type":"ListItem","position":1,"name":"Home","item":"https:\/\/dunaihajoseskuvo.hu\/de\/startseite\/"},{"@type":"ListItem","position":2,"name":"Startseite"}]},{"@type":"WebSite","@id":"https:\/\/hajoseskuvo.calvus.xyz\/#website","url":"https:\/\/hajoseskuvo.calvus.xyz\/","name":"Balatoni haj\u00f3s esk\u00fcv\u0151","description":"Ahol igaziv\u00e1 v\u00e1lik az \u00e1lomesk\u00fcv\u0151","publisher":{"@id":"https:\/\/hajoseskuvo.calvus.xyz\/#organization"},"potentialAction":[{"@type":"SearchAction","target":{"@type":"EntryPoint","urlTemplate":"https:\/\/hajoseskuvo.calvus.xyz\/?s={search_term_string}"},"query-input":"required name=search_term_string"}],"inLanguage":"de-DE"},{"@type":"Organization","@id":"https:\/\/hajoseskuvo.calvus.xyz\/#organization","name":"Balatoni haj\u00f3s esk\u00fcv\u0151","url":"https:\/\/hajoseskuvo.calvus.xyz\/","logo":{"@type":"ImageObject","inLanguage":"de-DE","@id":"https:\/\/hajoseskuvo.calvus.xyz\/#\/schema\/logo\/image\/","url":"https:\/\/dunaihajoseskuvo.hu\/uploads\/2023\/06\/logo.svg","contentUrl":"https:\/\/dunaihajoseskuvo.hu\/uploads\/2023\/06\/logo.svg","width":165,"height":63,"caption":"Balatoni haj\u00f3s esk\u00fcv\u0151"},"image":{"@id":"https:\/\/hajoseskuvo.calvus.xyz\/#\/schema\/logo\/image\/"}}]}},"_links":{"self":[{"href":"https:\/\/dunaihajoseskuvo.hu\/de\/wp-json\/wp\/v2\/pages\/628"}],"collection":[{"href":"https:\/\/dunaihajoseskuvo.hu\/de\/wp-json\/wp\/v2\/pages"}],"about":[{"href":"https:\/\/dunaihajoseskuvo.hu\/de\/wp-json\/wp\/v2\/types\/page"}],"author":[{"embeddable":true,"href":"https:\/\/dunaihajoseskuvo.hu\/de\/wp-json\/wp\/v2\/users\/1"}],"replies":[{"embeddable":true,"href":"https:\/\/dunaihajoseskuvo.hu\/de\/wp-json\/wp\/v2\/comments?post=628"}],"version-history":[{"count":0,"href":"https:\/\/dunaihajoseskuvo.hu\/de\/wp-json\/wp\/v2\/pages\/628\/revisions"}],"wp:attachment":[{"href":"https:\/\/dunaihajoseskuvo.hu\/de\/wp-json\/wp\/v2\/media?parent=628"}],"curies":[{"name":"wp","href":"https:\/\/api.w.org\/{rel}","templated":true}]}}